{"id":16041,"date":"2017-09-23T21:21:56","date_gmt":"2017-09-23T19:21:56","guid":{"rendered":"http:\/\/www.laphotographe.world\/?post_type=product&#038;p=16041"},"modified":"2021-02-16T13:18:45","modified_gmt":"2021-02-16T11:18:45","slug":"nordic-winter","status":"publish","type":"product","link":"https:\/\/shop.laphotographe.world\/de\/produkt\/nordic-winter\/","title":{"rendered":"Nordic Winter"},"content":{"rendered":"<p>Genie\u00dfen Sie die wunderbare Aussicht auf die n\u00f6rdliche Hemisph\u00e4re in diesem magischen Moment in Nordschweden - Lappland.<\/p>\n<p>Inspirierende und motivierende Wanddekoration f\u00fcr Ihr Wohnzimmer oder B\u00fcro !<\/p>\n<ul>\n<li>Exklusive Kunst von Mademoiselle La Photographe<\/li>\n<li>Fotografin: C\u00e9line Juyou<\/li>\n<li>Alu-Dibond<\/li>\n<\/ul>\n<p><strong>Kostenlose Lieferung<\/strong><\/p>","protected":false},"excerpt":{"rendered":"<p>Enjoy the wonderful view of the northern hemisphere in this magic moment in North Sweden &#8211; Lapland. Inspirative motivational wall decor for your living room or office ! Exclusive Art by Mademoiselle La Photographe Photographer: C\u00e9line Juyou Alu-Dibond No shipping!<\/p>","protected":false},"featured_media":17398,"template":"","meta":{"_monsterinsights_skip_tracking":false,"_monsterinsights_sitenote_active":false,"_monsterinsights_sitenote_note":"","_monsterinsights_sitenote_category":0},"product_cat":[147],"product_tag":[148],"_links":{"self":[{"href":"https:\/\/shop.laphotographe.world\/de\/wp-json\/wp\/v2\/product\/16041"}],"collection":[{"href":"https:\/\/shop.laphotographe.world\/de\/wp-json\/wp\/v2\/product"}],"about":[{"href":"https:\/\/shop.laphotographe.world\/de\/wp-json\/wp\/v2\/types\/product"}],"wp:featuredmedia":[{"embeddable":true,"href":"https:\/\/shop.laphotographe.world\/de\/wp-json\/wp\/v2\/media\/17398"}],"wp:attachment":[{"href":"https:\/\/shop.laphotographe.world\/de\/wp-json\/wp\/v2\/media?parent=16041"}],"wp:term":[{"taxonomy":"product_cat","embeddable":true,"href":"https:\/\/shop.laphotographe.world\/de\/wp-json\/wp\/v2\/product_cat?post=16041"},{"taxonomy":"product_tag","embeddable":true,"href":"https:\/\/shop.laphotographe.world\/de\/wp-json\/wp\/v2\/product_tag?post=16041"}],"curies":[{"name":"wp","href":"https:\/\/api.w.org\/{rel}","templated":true}]}}