{"id":16011,"date":"2017-09-23T19:12:19","date_gmt":"2017-09-23T17:12:19","guid":{"rendered":"http:\/\/www.laphotographe.world\/?post_type=product&#038;p=16011"},"modified":"2021-02-16T13:19:04","modified_gmt":"2021-02-16T11:19:04","slug":"la-reunion","status":"publish","type":"product","link":"https:\/\/shop.laphotographe.world\/de\/produkt\/la-reunion\/","title":{"rendered":"La R\u00e9union"},"content":{"rendered":"<p>Genie\u00dfen Sie die wunderbare Vogelperspektive von der La R\u00e9union Lagune - Frankreich.<\/p>\n<p>Inspirierende und motivierende Wanddekoration f\u00fcr Ihr Wohnzimmer oder B\u00fcro !<\/p>\n<ul>\n<li>Exklusive Kunst von Mademoiselle La Photographe<\/li>\n<li>Fotografin: C\u00e9line Juyou<\/li>\n<li>Alu-Dibond<\/li>\n<\/ul>\n<p><strong>Kostenlose Lieferung<\/strong><\/p>","protected":false},"excerpt":{"rendered":"<p>Enjoy the wonderful bird view from the laguna in La R\u00e9union &#8211; France. Inspirative motivational wall decor for your living room or office ! Exclusive Art by Mademoiselle La Photographe Photographer: C\u00e9line Juyou Alu-Dibond No shipping!<\/p>","protected":false},"featured_media":17443,"template":"","meta":{"_monsterinsights_skip_tracking":false,"_monsterinsights_sitenote_active":false,"_monsterinsights_sitenote_note":"","_monsterinsights_sitenote_category":0},"product_cat":[147],"product_tag":[148],"_links":{"self":[{"href":"https:\/\/shop.laphotographe.world\/de\/wp-json\/wp\/v2\/product\/16011"}],"collection":[{"href":"https:\/\/shop.laphotographe.world\/de\/wp-json\/wp\/v2\/product"}],"about":[{"href":"https:\/\/shop.laphotographe.world\/de\/wp-json\/wp\/v2\/types\/product"}],"wp:featuredmedia":[{"embeddable":true,"href":"https:\/\/shop.laphotographe.world\/de\/wp-json\/wp\/v2\/media\/17443"}],"wp:attachment":[{"href":"https:\/\/shop.laphotographe.world\/de\/wp-json\/wp\/v2\/media?parent=16011"}],"wp:term":[{"taxonomy":"product_cat","embeddable":true,"href":"https:\/\/shop.laphotographe.world\/de\/wp-json\/wp\/v2\/product_cat?post=16011"},{"taxonomy":"product_tag","embeddable":true,"href":"https:\/\/shop.laphotographe.world\/de\/wp-json\/wp\/v2\/product_tag?post=16011"}],"curies":[{"name":"wp","href":"https:\/\/api.w.org\/{rel}","templated":true}]}}