{"id":15784,"date":"2015-08-18T06:26:55","date_gmt":"2015-08-18T06:26:55","guid":{"rendered":"http:\/\/www.laphotographe.world\/contact-celine\/"},"modified":"2020-01-19T17:59:27","modified_gmt":"2020-01-19T15:59:27","slug":"contact-celine","status":"publish","type":"page","link":"https:\/\/shop.laphotographe.world\/de\/contact-celine\/","title":{"rendered":"Buchen"},"content":{"rendered":"<p>[vc_row][vc_column][dfd_heading title_google_fonts=&#8221;yes&#8221; title_custom_fonts=&#8221;font_family:Bad%20Script%3Aregular|font_style:400%20regular%3A400%3Anormal&#8221; style=&#8221;style_01&#8243; title_font_options=&#8221;tag:h5|font_size:30|color:%235e5e5e|letter_spacing:10&#8243; subtitle_font_options=&#8221;tag:h3&#8243;]<\/p>\n<p style=\"text-align: center;\">\u00a0Areal Photography<\/p>\n<p>[\/dfd_heading][dfd_spacer screen_wide_resolution=&#8221;1280&#8243; screen_wide_spacer_size=&#8221;60&#8243; screen_normal_resolution=&#8221;1024&#8243; screen_tablet_resolution=&#8221;800&#8243; screen_mobile_resolution=&#8221;480&#8243; screen_normal_spacer_size=&#8221;60&#8243; screen_tablet_spacer_size=&#8221;50&#8243; screen_mobile_spacer_size=&#8221;30&#8243;][dfd_heading enable_delimiter=&#8221;off&#8221; style=&#8221;style_01&#8243; title_font_options=&#8221;tag:h5&#8243; subtitle_font_options=&#8221;tag:h3&#8243;]<\/p>\n<h6>Photographies a\u00e9riennes &amp; Vid\u00e9os<\/h6>\n<p>[\/dfd_heading][dfd_spacer screen_wide_resolution=&#8221;1280&#8243; screen_wide_spacer_size=&#8221;60&#8243; screen_normal_resolution=&#8221;1024&#8243; screen_tablet_resolution=&#8221;800&#8243; screen_mobile_resolution=&#8221;480&#8243; screen_normal_spacer_size=&#8221;60&#8243; screen_tablet_spacer_size=&#8221;50&#8243; screen_mobile_spacer_size=&#8221;30&#8243;][\/vc_column][\/vc_row][vc_row][vc_column width=&#8221;1\/4&#8243;][dfd_spacer screen_wide_resolution=&#8221;1280&#8243; screen_wide_spacer_size=&#8221;20&#8243; screen_normal_resolution=&#8221;1024&#8243; screen_tablet_resolution=&#8221;800&#8243; screen_mobile_resolution=&#8221;480&#8243; screen_normal_spacer_size=&#8221;20&#8243; screen_tablet_spacer_size=&#8221;20&#8243; screen_mobile_spacer_size=&#8221;20&#8243;][just_icon icon=&#8221;dfd-icon-photocamera_1&#8243; icon_size=&#8221;26&#8243; icon_color=&#8221;#ffffff&#8221; icon_style=&#8221;circle&#8221; icon_color_bg=&#8221;#40dddb&#8221;][dfd_spacer screen_wide_resolution=&#8221;1280&#8243; screen_wide_spacer_size=&#8221;20&#8243; screen_normal_resolution=&#8221;1024&#8243; screen_tablet_resolution=&#8221;800&#8243; screen_mobile_resolution=&#8221;480&#8243; screen_normal_spacer_size=&#8221;20&#8243; screen_tablet_spacer_size=&#8221;20&#8243; screen_mobile_spacer_size=&#8221;20&#8243;][dfd_heading style=&#8221;style_01&#8243; title_font_options=&#8221;tag:h5&#8243; subtitle_font_options=&#8221;tag:h3&#8243;]<\/p>\n<h6>PHOTOGRAPHIE<\/h6>\n<p>[\/dfd_heading][vc_column_text]<\/p>\n<p style=\"text-align: center;\">Vous \u00eates \u00e0 la recherche de nouvelles photos vue du ciel ? Contactez-nous et nous ferons notre possible pour r\u00e9pondre \u00e0 vos besoins que ce soit pour une propri\u00e9t\u00e9, un mariage ou pour une occasion particuli\u00e8re.<\/p>\n<p>[\/vc_column_text][\/vc_column][vc_column width=&#8221;1\/4&#8243;][dfd_spacer screen_wide_resolution=&#8221;1280&#8243; screen_wide_spacer_size=&#8221;20&#8243; screen_normal_resolution=&#8221;1024&#8243; screen_tablet_resolution=&#8221;800&#8243; screen_mobile_resolution=&#8221;480&#8243; screen_normal_spacer_size=&#8221;20&#8243; screen_tablet_spacer_size=&#8221;20&#8243; screen_mobile_spacer_size=&#8221;20&#8243;][just_icon icon=&#8221;dfd-icon-videocamera_2&#8243; icon_size=&#8221;26&#8243; icon_color=&#8221;#ffffff&#8221; icon_style=&#8221;circle&#8221; icon_color_bg=&#8221;#40dddb&#8221;][dfd_spacer screen_wide_resolution=&#8221;1280&#8243; screen_wide_spacer_size=&#8221;20&#8243; screen_normal_resolution=&#8221;1024&#8243; screen_tablet_resolution=&#8221;800&#8243; screen_mobile_resolution=&#8221;480&#8243; screen_normal_spacer_size=&#8221;20&#8243; screen_tablet_spacer_size=&#8221;20&#8243; screen_mobile_spacer_size=&#8221;20&#8243;][dfd_heading style=&#8221;style_01&#8243; title_font_options=&#8221;tag:h5&#8243; subtitle_font_options=&#8221;tag:h3&#8243;]<\/p>\n<h6>VID\u00c9OS\u00a0DRONE<\/h6>\n<p>[\/dfd_heading][vc_column_text]<\/p>\n<p style=\"text-align: center;\">Vous vous \u00eates souvent dit qu&#8217;il \u00e9tait impossible d&#8217;avoir des vid\u00e9os de Drone comme \u00e0 la TV ? Mais avec nous, rien n&#8217;est impossible. Nos pilotes certifi\u00e9s se mettent \u00e0 votre enti\u00e8re disposition pour r\u00e9aliser votre vid\u00e9o clip souvenir.<\/p>\n<p>[\/vc_column_text][\/vc_column][vc_column width=&#8221;1\/4&#8243;][dfd_spacer screen_wide_resolution=&#8221;1280&#8243; screen_wide_spacer_size=&#8221;20&#8243; screen_normal_resolution=&#8221;1024&#8243; screen_tablet_resolution=&#8221;800&#8243; screen_mobile_resolution=&#8221;480&#8243; screen_normal_spacer_size=&#8221;20&#8243; screen_tablet_spacer_size=&#8221;20&#8243; screen_mobile_spacer_size=&#8221;20&#8243;][just_icon icon=&#8221;dfd-icon-photo&#8221; icon_size=&#8221;26&#8243; icon_color=&#8221;#ffffff&#8221; icon_style=&#8221;circle&#8221; icon_color_bg=&#8221;#40dddb&#8221;][dfd_spacer screen_wide_resolution=&#8221;1280&#8243; screen_wide_spacer_size=&#8221;20&#8243; screen_normal_resolution=&#8221;1024&#8243; screen_tablet_resolution=&#8221;800&#8243; screen_mobile_resolution=&#8221;480&#8243; screen_normal_spacer_size=&#8221;20&#8243; screen_tablet_spacer_size=&#8221;20&#8243; screen_mobile_spacer_size=&#8221;20&#8243;][dfd_heading style=&#8221;style_01&#8243; title_font_options=&#8221;tag:h5&#8243; subtitle_font_options=&#8221;tag:h3&#8243;]<\/p>\n<h6>SHOP<\/h6>\n<p>[\/dfd_heading][vc_column_text]<\/p>\n<p style=\"text-align: center;\">Vous souhaitez d\u00e9corer votre appartement, votre maison ou votre bureau, mais vous n&#8217;avez pas encore la photo id\u00e9ale ? D\u00e9couvrez notre offre unique\u00a0de photos que vous pouvez faire d\u00e9velopper sur toile ou sur alu.<\/p>\n<p>[\/vc_column_text][\/vc_column][vc_column width=&#8221;1\/4&#8243;][dfd_spacer screen_wide_resolution=&#8221;1280&#8243; screen_wide_spacer_size=&#8221;20&#8243; screen_normal_resolution=&#8221;1024&#8243; screen_tablet_resolution=&#8221;800&#8243; screen_mobile_resolution=&#8221;480&#8243; screen_normal_spacer_size=&#8221;20&#8243; screen_tablet_spacer_size=&#8221;20&#8243; screen_mobile_spacer_size=&#8221;20&#8243;][just_icon icon=&#8221;dfd-icon-navigation&#8221; icon_size=&#8221;26&#8243; icon_color=&#8221;#ffffff&#8221; icon_style=&#8221;circle&#8221; icon_color_bg=&#8221;#40dddb&#8221;][dfd_spacer screen_wide_resolution=&#8221;1280&#8243; screen_wide_spacer_size=&#8221;20&#8243; screen_normal_resolution=&#8221;1024&#8243; screen_tablet_resolution=&#8221;800&#8243; screen_mobile_resolution=&#8221;480&#8243; screen_normal_spacer_size=&#8221;20&#8243; screen_tablet_spacer_size=&#8221;20&#8243; screen_mobile_spacer_size=&#8221;20&#8243;][dfd_heading style=&#8221;style_01&#8243; title_font_options=&#8221;tag:h5&#8243; subtitle_font_options=&#8221;tag:h3&#8243;]<\/p>\n<h6>MAT\u00c9RIEL<\/h6>\n<p>[\/dfd_heading][vc_column_text]<\/p>\n<p style=\"text-align: center;\">DJI Mavic Pro<\/p>\n<p style=\"text-align: center;\">Canon 70d<\/p>\n<p style=\"text-align: center;\">Final Cut Pro X<\/p>\n<p>[\/vc_column_text][\/vc_column][\/vc_row][vc_row][vc_column width=&#8221;1\/4&#8243;][dfd_spacer screen_wide_resolution=&#8221;1280&#8243; screen_wide_spacer_size=&#8221;100&#8243; screen_normal_resolution=&#8221;1024&#8243; screen_tablet_resolution=&#8221;800&#8243; screen_mobile_resolution=&#8221;480&#8243; screen_normal_spacer_size=&#8221;30&#8243; screen_tablet_spacer_size=&#8221;20&#8243; screen_mobile_spacer_size=&#8221;20&#8243;][vc_single_image image=&#8221;16146&#8243; img_size=&#8221;large&#8221;][\/vc_column][vc_column width=&#8221;1\/4&#8243;][dfd_spacer screen_wide_resolution=&#8221;1280&#8243; screen_wide_spacer_size=&#8221;100&#8243; screen_normal_resolution=&#8221;1024&#8243; screen_tablet_resolution=&#8221;800&#8243; screen_mobile_resolution=&#8221;480&#8243; screen_normal_spacer_size=&#8221;30&#8243; screen_tablet_spacer_size=&#8221;20&#8243; screen_mobile_spacer_size=&#8221;20&#8243;][vc_single_image image=&#8221;16149&#8243; img_size=&#8221;large&#8221;][\/vc_column][vc_column width=&#8221;1\/4&#8243;][dfd_spacer screen_wide_resolution=&#8221;1280&#8243; screen_wide_spacer_size=&#8221;100&#8243; screen_normal_resolution=&#8221;1024&#8243; screen_tablet_resolution=&#8221;800&#8243; screen_mobile_resolution=&#8221;480&#8243; screen_normal_spacer_size=&#8221;30&#8243; screen_tablet_spacer_size=&#8221;20&#8243; screen_mobile_spacer_size=&#8221;20&#8243;][vc_single_image image=&#8221;16150&#8243; img_size=&#8221;large&#8221; alignment=&#8221;center&#8221;][\/vc_column][vc_column width=&#8221;1\/4&#8243;][dfd_spacer screen_wide_resolution=&#8221;1280&#8243; screen_wide_spacer_size=&#8221;100&#8243; screen_normal_resolution=&#8221;1024&#8243; screen_tablet_resolution=&#8221;800&#8243; screen_mobile_resolution=&#8221;480&#8243; screen_normal_spacer_size=&#8221;30&#8243; screen_tablet_spacer_size=&#8221;20&#8243; screen_mobile_spacer_size=&#8221;20&#8243;][vc_single_image image=&#8221;16147&#8243; img_size=&#8221;large&#8221;][\/vc_column][\/vc_row][vc_row][vc_column][vc_column_text]<\/p>\n<p>[\/vc_column_text][dfd_spacer screen_wide_resolution=&#8221;1280&#8243; screen_wide_spacer_size=&#8221;60&#8243; screen_normal_resolution=&#8221;1024&#8243; screen_tablet_resolution=&#8221;800&#8243; screen_mobile_resolution=&#8221;480&#8243; screen_normal_spacer_size=&#8221;60&#8243; screen_tablet_spacer_size=&#8221;40&#8243; screen_mobile_spacer_size=&#8221;40&#8243;][\/vc_column][\/vc_row][vc_row][vc_column width=&#8221;1\/3&#8243;][\/vc_column][vc_column width=&#8221;1\/3&#8243;][dfd_spacer screen_wide_resolution=&#8221;1280&#8243; screen_wide_spacer_size=&#8221;80&#8243; screen_normal_resolution=&#8221;1024&#8243; screen_tablet_resolution=&#8221;800&#8243; screen_mobile_resolution=&#8221;480&#8243; screen_normal_spacer_size=&#8221;60&#8243; screen_tablet_spacer_size=&#8221;40&#8243; screen_mobile_spacer_size=&#8221;20&#8243;][dfd_button button_size=&#8221;dfd-button-full-width&#8221; button_text=&#8221;R\u00c9SERVER ICI&#8221; buttom_link_src=&#8221;url:mailto%3Amademoiselle%40laphotographe.world|title:Mail%20an%20Mademoiselle%20schicken||&#8221; background=&#8221;#9b9b9b&#8221; hover_background=&#8221;#e8e8e8&#8243; border=&#8221;border-style:none;|border-width:1px;border-radius:2px;|border-color:#1b1b1b;&#8221; hover_border=&#8221;border-style:none;|border-width:1px;border-radius:2px;|border-color:#c39f76;&#8221; title_custom_fonts=&#8221;font_family:Raleway%3A100%2C200%2C300%2Cregular%2C500%2C600%2C700%2C800%2C900|font_style:500%20bold%20regular%3A500%3Anormal&#8221; title_google_fonts=&#8221;yes&#8221; style=&#8221;style_1&#8243; box_shadow=&#8221;box_shadow_enable:disable|shadow_horizontal:0|shadow_vertical:15|shadow_blur:50|shadow_spread:0|box_shadow_color:rgba(0%2C0%2C0%2C0.35)&#8221; hover_box_shadow=&#8221;box_shadow_enable:disable|shadow_horizontal:0|shadow_vertical:15|shadow_blur:50|shadow_spread:0|box_shadow_color:rgba(0%2C0%2C0%2C0.35)&#8221; title_font_options=&#8221;font_size:14|line_height:40|letter_spacing:5&#8243; padding_left=&#8221;10&#8243; padding_right=&#8221;10&#8243; hover_style_heading=&#8221;&#8221;][\/vc_column][vc_column width=&#8221;1\/3&#8243;][\/vc_column][\/vc_row]<\/p>","protected":false},"excerpt":{"rendered":"<p>[vc_row][vc_column][dfd_heading title_google_fonts=&#8221;yes&#8221; title_custom_fonts=&#8221;font_family:Bad%20Script%3Aregular|font_style:400%20regular%3A400%3Anormal&#8221; style=&#8221;style_01&#8243; title_font_options=&#8221;tag:h5|font_size:30|color:%235e5e5e|letter_spacing:10&#8243; subtitle_font_options=&#8221;tag:h3&#8243;] \u00a0Areal Photography [\/dfd_heading][dfd_spacer screen_wide_resolution=&#8221;1280&#8243; screen_wide_spacer_size=&#8221;60&#8243; screen_normal_resolution=&#8221;1024&#8243; screen_tablet_resolution=&#8221;800&#8243; screen_mobile_resolution=&#8221;480&#8243; screen_normal_spacer_size=&#8221;60&#8243; screen_tablet_spacer_size=&#8221;50&#8243; screen_mobile_spacer_size=&#8221;30&#8243;][dfd_heading enable_delimiter=&#8221;off&#8221; style=&#8221;style_01&#8243; title_font_options=&#8221;tag:h5&#8243; subtitle_font_options=&#8221;tag:h3&#8243;] Photographies a\u00e9riennes &amp; Vid\u00e9os [\/dfd_heading][dfd_spacer screen_wide_resolution=&#8221;1280&#8243; screen_wide_spacer_size=&#8221;60&#8243; screen_normal_resolution=&#8221;1024&#8243; screen_tablet_resolution=&#8221;800&#8243; screen_mobile_resolution=&#8221;480&#8243; screen_normal_spacer_size=&#8221;60&#8243; screen_tablet_spacer_size=&#8221;50&#8243; screen_mobile_spacer_size=&#8221;30&#8243;][\/vc_column][\/vc_row][vc_row][vc_column width=&#8221;1\/4&#8243;][dfd_spacer screen_wide_resolution=&#8221;1280&#8243; screen_wide_spacer_size=&#8221;20&#8243; screen_normal_resolution=&#8221;1024&#8243; screen_tablet_resolution=&#8221;800&#8243; screen_mobile_resolution=&#8221;480&#8243; screen_normal_spacer_size=&#8221;20&#8243; screen_tablet_spacer_size=&#8221;20&#8243; screen_mobile_spacer_size=&#8221;20&#8243;][just_icon icon=&#8221;dfd-icon-photocamera_1&#8243; icon_size=&#8221;26&#8243; icon_color=&#8221;#ffffff&#8221; icon_style=&#8221;circle&#8221; icon_color_bg=&#8221;#40dddb&#8221;][dfd_spacer screen_wide_resolution=&#8221;1280&#8243; screen_wide_spacer_size=&#8221;20&#8243; screen_normal_resolution=&#8221;1024&#8243; screen_tablet_resolution=&#8221;800&#8243; screen_mobile_resolution=&#8221;480&#8243; screen_normal_spacer_size=&#8221;20&#8243; screen_tablet_spacer_size=&#8221;20&#8243; [&hellip;]<\/p>","protected":false},"author":1,"featured_media":0,"parent":0,"menu_order":0,"comment_status":"open","ping_status":"open","template":"","meta":{"_monsterinsights_skip_tracking":false,"_monsterinsights_sitenote_active":false,"_monsterinsights_sitenote_note":"","_monsterinsights_sitenote_category":0,"footnotes":""},"_links":{"self":[{"href":"https:\/\/shop.laphotographe.world\/de\/wp-json\/wp\/v2\/pages\/15784"}],"collection":[{"href":"https:\/\/shop.laphotographe.world\/de\/wp-json\/wp\/v2\/pages"}],"about":[{"href":"https:\/\/shop.laphotographe.world\/de\/wp-json\/wp\/v2\/types\/page"}],"author":[{"embeddable":true,"href":"https:\/\/shop.laphotographe.world\/de\/wp-json\/wp\/v2\/users\/1"}],"replies":[{"embeddable":true,"href":"https:\/\/shop.laphotographe.world\/de\/wp-json\/wp\/v2\/comments?post=15784"}],"version-history":[{"count":12,"href":"https:\/\/shop.laphotographe.world\/de\/wp-json\/wp\/v2\/pages\/15784\/revisions"}],"predecessor-version":[{"id":16156,"href":"https:\/\/shop.laphotographe.world\/de\/wp-json\/wp\/v2\/pages\/15784\/revisions\/16156"}],"wp:attachment":[{"href":"https:\/\/shop.laphotographe.world\/de\/wp-json\/wp\/v2\/media?parent=15784"}],"curies":[{"name":"wp","href":"https:\/\/api.w.org\/{rel}","templated":true}]}}